{"id":3280,"date":"2023-01-06T18:22:57","date_gmt":"2023-01-06T17:22:57","guid":{"rendered":"https:\/\/www.lateamcroquette.fr\/?page_id=3280"},"modified":"2023-01-06T18:29:12","modified_gmt":"2023-01-06T17:29:12","slug":"quisommesnous","status":"publish","type":"page","link":"https:\/\/www.lateamcroquette.fr\/index.php\/quisommesnous\/","title":{"rendered":"Qui sommes nous ?"},"content":{"rendered":"<p>[vc_row][vc_column][vc_empty_space][\/vc_column][\/vc_row][vc_row][vc_column][vc_hoverbox image=\u00a0\u00bb3281&Prime; primary_title=\u00a0\u00bbqui sommes nous ?\u00a0\u00bb hover_title=\u00a0\u00bbLa team croquette\u00a0\u00bb]<\/p>\n<div class=\"vc_row wpb_row vc_row-fluid mkdf-section mkdf-content-aligment-left\" data-mkdf-parallax-speed=\"1\">\n<div class=\"clearfix mkdf-full-section-inner\">\n<div class=\"wpb_column vc_column_container vc_col-sm-12\">\n<div class=\"vc_column-inner\">\n<div class=\"wpb_wrapper\">\n<div class=\"wpb_text_column wpb_content_element \">\n<div class=\"wpb_wrapper\">\n<p>Nous sommes une team passionn\u00e9e de cuisine (\u00c9milien et Guillaume) et surtout de croquettes ! Nous avons d\u00e9cid\u00e9 de mettre notre <span data-dobid=\"hdw\">go\u00fbt<\/span> et notre amour de la nourriture au service de notre communaut\u00e9 en cr\u00e9ant notre restaurant de croquettes maison.<\/p>\n<p>Notre objectif est de vous proposer des croquettes saines et savoureuses, faites avec des ingr\u00e9dients de qualit\u00e9. Nous travaillons avec des produits locaux et nous nous effor\u00e7ons de soutenir les agriculteurs de notre r\u00e9gion.<\/p>\n<p>Nous proposons une large gamme de croquettes, allant des classiques aux plus originales, en passant par des versions v\u00e9g\u00e9tariennes. Nous sommes ouverts \u00e0 toutes les suggestions et nous sommes impatients de vous faire d\u00e9couvrir de nouvelles saveurs !<\/p>\n<p style=\"text-align: center;\">Nous esp\u00e9rons que vous appr\u00e9cierez nos croquettes autant que nous aimons les pr\u00e9parer. N\u2019h\u00e9sitez pas \u00e0 nous contacter pour plus d\u2019informations ou pour passer commande.<\/p>\n<\/div>\n<\/div>\n<\/div>\n<\/div>\n<\/div>\n<\/div>\n<\/div>\n<p>&nbsp;<\/p>\n<p>[\/vc_hoverbox][\/vc_column][\/vc_row][vc_row][vc_column][vc_empty_space][\/vc_column][\/vc_row]<\/p>\n","protected":false},"excerpt":{"rendered":"<p>[vc_row][vc_column][vc_empty_space][\/vc_column][\/vc_row][vc_row][vc_column][vc_hoverbox image=\u00a0\u00bb3281&Prime; primary_title=\u00a0\u00bbqui sommes nous ?\u00a0\u00bb hover_title=\u00a0\u00bbLa team croquette\u00a0\u00bb] Nous sommes une team passionn\u00e9e de cuisine (\u00c9milien et Guillaume) et surtout de croquettes ! Nous avons d\u00e9cid\u00e9 de mettre notre go\u00fbt et notre amour de la nourriture au service de notre communaut\u00e9 en cr\u00e9ant notre&#8230;<\/p>\n","protected":false},"author":1,"featured_media":0,"parent":0,"menu_order":0,"comment_status":"closed","ping_status":"closed","template":"","meta":{"footnotes":""},"class_list":["post-3280","page","type-page","status-publish","hentry"],"_links":{"self":[{"href":"https:\/\/www.lateamcroquette.fr\/index.php\/wp-json\/wp\/v2\/pages\/3280","targetHints":{"allow":["GET"]}}],"collection":[{"href":"https:\/\/www.lateamcroquette.fr\/index.php\/wp-json\/wp\/v2\/pages"}],"about":[{"href":"https:\/\/www.lateamcroquette.fr\/index.php\/wp-json\/wp\/v2\/types\/page"}],"author":[{"embeddable":true,"href":"https:\/\/www.lateamcroquette.fr\/index.php\/wp-json\/wp\/v2\/users\/1"}],"replies":[{"embeddable":true,"href":"https:\/\/www.lateamcroquette.fr\/index.php\/wp-json\/wp\/v2\/comments?post=3280"}],"version-history":[{"count":7,"href":"https:\/\/www.lateamcroquette.fr\/index.php\/wp-json\/wp\/v2\/pages\/3280\/revisions"}],"predecessor-version":[{"id":3288,"href":"https:\/\/www.lateamcroquette.fr\/index.php\/wp-json\/wp\/v2\/pages\/3280\/revisions\/3288"}],"wp:attachment":[{"href":"https:\/\/www.lateamcroquette.fr\/index.php\/wp-json\/wp\/v2\/media?parent=3280"}],"curies":[{"name":"wp","href":"https:\/\/api.w.org\/{rel}","templated":true}]}}